{"id":927,"date":"2017-03-15T14:19:19","date_gmt":"2017-03-15T13:19:19","guid":{"rendered":"https:\/\/www.lindesnescamping.no\/om-oss\/"},"modified":"2021-07-01T13:56:50","modified_gmt":"2021-07-01T11:56:50","slug":"der-campingplatz","status":"publish","type":"page","link":"https:\/\/www.lindesnescamping.no\/de\/der-campingplatz\/","title":{"rendered":"Der Campingplatz"},"content":{"rendered":"<p class=\"lead\">Der Campingplatz mit H\u00fctten ist sch\u00f6n gelegen, n\u00e4mlich an der S\u00fcdspitze der Halbinsel Lindesnes, direkt am Meer.\u00a0Die Umgebung l\u00e4dt dazu ein, die Natur richtig zu genie\u00dfen, von allem die See und die guten M\u00f6glichkeiten zum Fischen. Bis sp\u00e4t abends scheint die Sonne auf den Platz.<\/p>\n","protected":false},"excerpt":{"rendered":"<p>Der Campingplatz mit H\u00fctten ist sch\u00f6n gelegen, n\u00e4mlich an der S\u00fcdspitze der Halbinsel Lindesnes, direkt am Meer.\u00a0Die Umgebung l\u00e4dt dazu&#8230;<\/p>\n","protected":false},"author":952,"featured_media":416,"parent":0,"menu_order":0,"comment_status":"closed","ping_status":"closed","template":"","meta":{"_acf_changed":false,"footnotes":""},"class_list":["post-927","page","type-page","status-publish","has-post-thumbnail","hentry"],"acf":[],"yoast_head":"<!-- This site is optimized with the Yoast SEO plugin v27.3 - https:\/\/yoast.com\/product\/yoast-seo-wordpress\/ -->\n<title>Der Campingplatz - Lindesnes Camping<\/title>\n<meta name=\"robots\" content=\"index, follow, max-snippet:-1, max-image-preview:large, max-video-preview:-1\" \/>\n<link rel=\"canonical\" href=\"https:\/\/www.lindesnescamping.no\/de\/der-campingplatz\/\" \/>\n<meta property=\"og:locale\" content=\"de_DE\" \/>\n<meta property=\"og:type\" content=\"article\" \/>\n<meta property=\"og:title\" content=\"Der Campingplatz - Lindesnes Camping\" \/>\n<meta property=\"og:description\" content=\"Der Campingplatz mit H\u00fctten ist sch\u00f6n gelegen, n\u00e4mlich an der S\u00fcdspitze der Halbinsel Lindesnes, direkt am Meer.\u00a0Die Umgebung l\u00e4dt dazu...\" \/>\n<meta property=\"og:url\" content=\"https:\/\/www.lindesnescamping.no\/de\/der-campingplatz\/\" \/>\n<meta property=\"og:site_name\" content=\"Lindesnes Camping\" \/>\n<meta property=\"article:modified_time\" content=\"2021-07-01T11:56:50+00:00\" \/>\n<meta property=\"og:image\" content=\"https:\/\/dobqfsnmedq.cloudfront.net\/wp-content\/uploads\/2017\/03\/05103448\/lindesnes-camping-om-oss-IMG_3383_1.jpg\" \/>\n\t<meta property=\"og:image:width\" content=\"2048\" \/>\n\t<meta property=\"og:image:height\" content=\"1536\" \/>\n\t<meta property=\"og:image:type\" content=\"image\/jpeg\" \/>\n<meta name=\"twitter:card\" content=\"summary_large_image\" \/>\n<script type=\"application\/ld+json\" class=\"yoast-schema-graph\">{\"@context\":\"https:\\\/\\\/schema.org\",\"@graph\":[{\"@type\":\"WebPage\",\"@id\":\"https:\\\/\\\/www.lindesnescamping.no\\\/de\\\/der-campingplatz\\\/\",\"url\":\"https:\\\/\\\/www.lindesnescamping.no\\\/de\\\/der-campingplatz\\\/\",\"name\":\"Der Campingplatz - Lindesnes Camping\",\"isPartOf\":{\"@id\":\"https:\\\/\\\/www.lindesnescamping.no\\\/#website\"},\"primaryImageOfPage\":{\"@id\":\"https:\\\/\\\/www.lindesnescamping.no\\\/de\\\/der-campingplatz\\\/#primaryimage\"},\"image\":{\"@id\":\"https:\\\/\\\/www.lindesnescamping.no\\\/de\\\/der-campingplatz\\\/#primaryimage\"},\"thumbnailUrl\":\"https:\\\/\\\/dobqfsnmedq.cloudfront.net\\\/wp-content\\\/uploads\\\/2017\\\/03\\\/05103448\\\/lindesnes-camping-om-oss-IMG_3383_1.jpg\",\"datePublished\":\"2017-03-15T13:19:19+00:00\",\"dateModified\":\"2021-07-01T11:56:50+00:00\",\"breadcrumb\":{\"@id\":\"https:\\\/\\\/www.lindesnescamping.no\\\/de\\\/der-campingplatz\\\/#breadcrumb\"},\"inLanguage\":\"de\",\"potentialAction\":[{\"@type\":\"ReadAction\",\"target\":[\"https:\\\/\\\/www.lindesnescamping.no\\\/de\\\/der-campingplatz\\\/\"]}]},{\"@type\":\"ImageObject\",\"inLanguage\":\"de\",\"@id\":\"https:\\\/\\\/www.lindesnescamping.no\\\/de\\\/der-campingplatz\\\/#primaryimage\",\"url\":\"https:\\\/\\\/dobqfsnmedq.cloudfront.net\\\/wp-content\\\/uploads\\\/2017\\\/03\\\/05103448\\\/lindesnes-camping-om-oss-IMG_3383_1.jpg\",\"contentUrl\":\"https:\\\/\\\/dobqfsnmedq.cloudfront.net\\\/wp-content\\\/uploads\\\/2017\\\/03\\\/05103448\\\/lindesnes-camping-om-oss-IMG_3383_1.jpg\",\"width\":2048,\"height\":1536},{\"@type\":\"BreadcrumbList\",\"@id\":\"https:\\\/\\\/www.lindesnescamping.no\\\/de\\\/der-campingplatz\\\/#breadcrumb\",\"itemListElement\":[{\"@type\":\"ListItem\",\"position\":1,\"name\":\"Hjem\",\"item\":\"https:\\\/\\\/www.lindesnescamping.no\\\/de\\\/\"},{\"@type\":\"ListItem\",\"position\":2,\"name\":\"Der Campingplatz\"}]},{\"@type\":\"WebSite\",\"@id\":\"https:\\\/\\\/www.lindesnescamping.no\\\/#website\",\"url\":\"https:\\\/\\\/www.lindesnescamping.no\\\/\",\"name\":\"Lindesnes Camping\",\"description\":\"Norges s\u00f8rligste campingplass\",\"potentialAction\":[{\"@type\":\"SearchAction\",\"target\":{\"@type\":\"EntryPoint\",\"urlTemplate\":\"https:\\\/\\\/www.lindesnescamping.no\\\/?s={search_term_string}\"},\"query-input\":{\"@type\":\"PropertyValueSpecification\",\"valueRequired\":true,\"valueName\":\"search_term_string\"}}],\"inLanguage\":\"de\"}]}<\/script>\n<!-- \/ Yoast SEO plugin. -->","yoast_head_json":{"title":"Der Campingplatz - Lindesnes Camping","robots":{"index":"index","follow":"follow","max-snippet":"max-snippet:-1","max-image-preview":"max-image-preview:large","max-video-preview":"max-video-preview:-1"},"canonical":"https:\/\/www.lindesnescamping.no\/de\/der-campingplatz\/","og_locale":"de_DE","og_type":"article","og_title":"Der Campingplatz - Lindesnes Camping","og_description":"Der Campingplatz mit H\u00fctten ist sch\u00f6n gelegen, n\u00e4mlich an der S\u00fcdspitze der Halbinsel Lindesnes, direkt am Meer.\u00a0Die Umgebung l\u00e4dt dazu...","og_url":"https:\/\/www.lindesnescamping.no\/de\/der-campingplatz\/","og_site_name":"Lindesnes Camping","article_modified_time":"2021-07-01T11:56:50+00:00","og_image":[{"width":2048,"height":1536,"url":"https:\/\/dobqfsnmedq.cloudfront.net\/wp-content\/uploads\/2017\/03\/05103448\/lindesnes-camping-om-oss-IMG_3383_1.jpg","type":"image\/jpeg"}],"twitter_card":"summary_large_image","schema":{"@context":"https:\/\/schema.org","@graph":[{"@type":"WebPage","@id":"https:\/\/www.lindesnescamping.no\/de\/der-campingplatz\/","url":"https:\/\/www.lindesnescamping.no\/de\/der-campingplatz\/","name":"Der Campingplatz - Lindesnes Camping","isPartOf":{"@id":"https:\/\/www.lindesnescamping.no\/#website"},"primaryImageOfPage":{"@id":"https:\/\/www.lindesnescamping.no\/de\/der-campingplatz\/#primaryimage"},"image":{"@id":"https:\/\/www.lindesnescamping.no\/de\/der-campingplatz\/#primaryimage"},"thumbnailUrl":"https:\/\/dobqfsnmedq.cloudfront.net\/wp-content\/uploads\/2017\/03\/05103448\/lindesnes-camping-om-oss-IMG_3383_1.jpg","datePublished":"2017-03-15T13:19:19+00:00","dateModified":"2021-07-01T11:56:50+00:00","breadcrumb":{"@id":"https:\/\/www.lindesnescamping.no\/de\/der-campingplatz\/#breadcrumb"},"inLanguage":"de","potentialAction":[{"@type":"ReadAction","target":["https:\/\/www.lindesnescamping.no\/de\/der-campingplatz\/"]}]},{"@type":"ImageObject","inLanguage":"de","@id":"https:\/\/www.lindesnescamping.no\/de\/der-campingplatz\/#primaryimage","url":"https:\/\/dobqfsnmedq.cloudfront.net\/wp-content\/uploads\/2017\/03\/05103448\/lindesnes-camping-om-oss-IMG_3383_1.jpg","contentUrl":"https:\/\/dobqfsnmedq.cloudfront.net\/wp-content\/uploads\/2017\/03\/05103448\/lindesnes-camping-om-oss-IMG_3383_1.jpg","width":2048,"height":1536},{"@type":"BreadcrumbList","@id":"https:\/\/www.lindesnescamping.no\/de\/der-campingplatz\/#breadcrumb","itemListElement":[{"@type":"ListItem","position":1,"name":"Hjem","item":"https:\/\/www.lindesnescamping.no\/de\/"},{"@type":"ListItem","position":2,"name":"Der Campingplatz"}]},{"@type":"WebSite","@id":"https:\/\/www.lindesnescamping.no\/#website","url":"https:\/\/www.lindesnescamping.no\/","name":"Lindesnes Camping","description":"Norges s\u00f8rligste campingplass","potentialAction":[{"@type":"SearchAction","target":{"@type":"EntryPoint","urlTemplate":"https:\/\/www.lindesnescamping.no\/?s={search_term_string}"},"query-input":{"@type":"PropertyValueSpecification","valueRequired":true,"valueName":"search_term_string"}}],"inLanguage":"de"}]}},"_links":{"self":[{"href":"https:\/\/www.lindesnescamping.no\/de\/wp-json\/wp\/v2\/pages\/927","targetHints":{"allow":["GET"]}}],"collection":[{"href":"https:\/\/www.lindesnescamping.no\/de\/wp-json\/wp\/v2\/pages"}],"about":[{"href":"https:\/\/www.lindesnescamping.no\/de\/wp-json\/wp\/v2\/types\/page"}],"author":[{"embeddable":true,"href":"https:\/\/www.lindesnescamping.no\/de\/wp-json\/wp\/v2\/users\/952"}],"replies":[{"embeddable":true,"href":"https:\/\/www.lindesnescamping.no\/de\/wp-json\/wp\/v2\/comments?post=927"}],"version-history":[{"count":2,"href":"https:\/\/www.lindesnescamping.no\/de\/wp-json\/wp\/v2\/pages\/927\/revisions"}],"predecessor-version":[{"id":1563,"href":"https:\/\/www.lindesnescamping.no\/de\/wp-json\/wp\/v2\/pages\/927\/revisions\/1563"}],"wp:featuredmedia":[{"embeddable":true,"href":"https:\/\/www.lindesnescamping.no\/de\/wp-json\/wp\/v2\/media\/416"}],"wp:attachment":[{"href":"https:\/\/www.lindesnescamping.no\/de\/wp-json\/wp\/v2\/media?parent=927"}],"curies":[{"name":"wp","href":"https:\/\/api.w.org\/{rel}","templated":true}]}}