{"id":924,"date":"2017-03-16T08:03:42","date_gmt":"2017-03-16T08:03:42","guid":{"rendered":"https:\/\/www.lindesnescamping.no\/aktiviteter\/"},"modified":"2017-06-02T14:25:49","modified_gmt":"2017-06-02T12:25:49","slug":"aktivitaten","status":"publish","type":"page","link":"https:\/\/www.lindesnescamping.no\/de\/aktivitaten\/","title":{"rendered":"Aktivit\u00e4ten"},"content":{"rendered":"<p class=\"lead\">Den Campingplatz umgeben H\u00fcgel, auf denen man ruhig und erholsam spazierengeht und die Aussicht auf das Meer genie\u00dft. Mit ihren typischen Felsen und reizvoller Landschaft ist die K\u00fcste dei jedem Wetter sehr beeindruckend.<\/p>\n<p>Lillehavn, ein kleiner Fischerhafen, liegt nur 200 m vom Campingplatz entfernt. Der charmante, idyllisch gelegene Ort ist schon f\u00fcr sich eine Reise wert und bietet zudem gute M\u00f6glichkeiten zum Fischen.<\/p>\n<p><strong>Erfahren Sie mehr:<\/strong><br \/>\n<a target=\"_blank\" href=\"http:\/\/www.lindesnesfyr.no\" rel=\"noopener noreferrer\">lindesnesfyr.no<\/a>,\u00a0<a target=\"_blank\" href=\"https:\/\/www.visitnorway.no\/reisemal\/sorlandet\/lindesnesregionen\/\" rel=\"noopener noreferrer\">lindesnesregionen.com<\/a>,\u00a0<a target=\"_blank\" href=\"http:\/\/lindesnes-kammermusikkfest.com\" rel=\"noopener noreferrer\">lindesnes-kammermusikkfest.com<\/a>,\u00a0<a href=\"http:\/\/visitsorlandet.com\">visitsorlandet.com<\/a><\/p>\n","protected":false},"excerpt":{"rendered":"<p>Den Campingplatz umgeben H\u00fcgel, auf denen man ruhig und erholsam spazierengeht und die Aussicht auf das Meer genie\u00dft. Mit ihren&#8230;<\/p>\n","protected":false},"author":952,"featured_media":394,"parent":0,"menu_order":0,"comment_status":"closed","ping_status":"closed","template":"","meta":{"_acf_changed":false,"footnotes":""},"class_list":["post-924","page","type-page","status-publish","has-post-thumbnail","hentry"],"acf":[],"yoast_head":"<!-- This site is optimized with the Yoast SEO plugin v27.3 - https:\/\/yoast.com\/product\/yoast-seo-wordpress\/ -->\n<title>Aktivit\u00e4ten - Lindesnes Camping<\/title>\n<meta name=\"robots\" content=\"index, follow, max-snippet:-1, max-image-preview:large, max-video-preview:-1\" \/>\n<link rel=\"canonical\" href=\"https:\/\/www.lindesnescamping.no\/de\/aktivitaten\/\" \/>\n<meta property=\"og:locale\" content=\"de_DE\" \/>\n<meta property=\"og:type\" content=\"article\" \/>\n<meta property=\"og:title\" content=\"Aktivit\u00e4ten - Lindesnes Camping\" \/>\n<meta property=\"og:description\" content=\"Den Campingplatz umgeben H\u00fcgel, auf denen man ruhig und erholsam spazierengeht und die Aussicht auf das Meer genie\u00dft. Mit ihren...\" \/>\n<meta property=\"og:url\" content=\"https:\/\/www.lindesnescamping.no\/de\/aktivitaten\/\" \/>\n<meta property=\"og:site_name\" content=\"Lindesnes Camping\" \/>\n<meta property=\"article:modified_time\" content=\"2017-06-02T12:25:49+00:00\" \/>\n<meta property=\"og:image\" content=\"https:\/\/dobqfsnmedq.cloudfront.net\/wp-content\/uploads\/2017\/03\/05103451\/aktiviteter-leie-baat-007-scaled.jpg\" \/>\n\t<meta property=\"og:image:width\" content=\"2816\" \/>\n\t<meta property=\"og:image:height\" content=\"2112\" \/>\n\t<meta property=\"og:image:type\" content=\"image\/jpeg\" \/>\n<meta name=\"twitter:card\" content=\"summary_large_image\" \/>\n<script type=\"application\/ld+json\" class=\"yoast-schema-graph\">{\"@context\":\"https:\\\/\\\/schema.org\",\"@graph\":[{\"@type\":\"WebPage\",\"@id\":\"https:\\\/\\\/www.lindesnescamping.no\\\/de\\\/aktivitaten\\\/\",\"url\":\"https:\\\/\\\/www.lindesnescamping.no\\\/de\\\/aktivitaten\\\/\",\"name\":\"Aktivit\u00e4ten - Lindesnes Camping\",\"isPartOf\":{\"@id\":\"https:\\\/\\\/www.lindesnescamping.no\\\/#website\"},\"primaryImageOfPage\":{\"@id\":\"https:\\\/\\\/www.lindesnescamping.no\\\/de\\\/aktivitaten\\\/#primaryimage\"},\"image\":{\"@id\":\"https:\\\/\\\/www.lindesnescamping.no\\\/de\\\/aktivitaten\\\/#primaryimage\"},\"thumbnailUrl\":\"https:\\\/\\\/dobqfsnmedq.cloudfront.net\\\/wp-content\\\/uploads\\\/2017\\\/03\\\/05103451\\\/aktiviteter-leie-baat-007-scaled.jpg\",\"datePublished\":\"2017-03-16T08:03:42+00:00\",\"dateModified\":\"2017-06-02T12:25:49+00:00\",\"breadcrumb\":{\"@id\":\"https:\\\/\\\/www.lindesnescamping.no\\\/de\\\/aktivitaten\\\/#breadcrumb\"},\"inLanguage\":\"de\",\"potentialAction\":[{\"@type\":\"ReadAction\",\"target\":[\"https:\\\/\\\/www.lindesnescamping.no\\\/de\\\/aktivitaten\\\/\"]}]},{\"@type\":\"ImageObject\",\"inLanguage\":\"de\",\"@id\":\"https:\\\/\\\/www.lindesnescamping.no\\\/de\\\/aktivitaten\\\/#primaryimage\",\"url\":\"https:\\\/\\\/dobqfsnmedq.cloudfront.net\\\/wp-content\\\/uploads\\\/2017\\\/03\\\/05103451\\\/aktiviteter-leie-baat-007-scaled.jpg\",\"contentUrl\":\"https:\\\/\\\/dobqfsnmedq.cloudfront.net\\\/wp-content\\\/uploads\\\/2017\\\/03\\\/05103451\\\/aktiviteter-leie-baat-007-scaled.jpg\",\"width\":2560,\"height\":1920},{\"@type\":\"BreadcrumbList\",\"@id\":\"https:\\\/\\\/www.lindesnescamping.no\\\/de\\\/aktivitaten\\\/#breadcrumb\",\"itemListElement\":[{\"@type\":\"ListItem\",\"position\":1,\"name\":\"Hjem\",\"item\":\"https:\\\/\\\/www.lindesnescamping.no\\\/de\\\/\"},{\"@type\":\"ListItem\",\"position\":2,\"name\":\"Aktivit\u00e4ten\"}]},{\"@type\":\"WebSite\",\"@id\":\"https:\\\/\\\/www.lindesnescamping.no\\\/#website\",\"url\":\"https:\\\/\\\/www.lindesnescamping.no\\\/\",\"name\":\"Lindesnes Camping\",\"description\":\"Norges s\u00f8rligste campingplass\",\"potentialAction\":[{\"@type\":\"SearchAction\",\"target\":{\"@type\":\"EntryPoint\",\"urlTemplate\":\"https:\\\/\\\/www.lindesnescamping.no\\\/?s={search_term_string}\"},\"query-input\":{\"@type\":\"PropertyValueSpecification\",\"valueRequired\":true,\"valueName\":\"search_term_string\"}}],\"inLanguage\":\"de\"}]}<\/script>\n<!-- \/ Yoast SEO plugin. -->","yoast_head_json":{"title":"Aktivit\u00e4ten - Lindesnes Camping","robots":{"index":"index","follow":"follow","max-snippet":"max-snippet:-1","max-image-preview":"max-image-preview:large","max-video-preview":"max-video-preview:-1"},"canonical":"https:\/\/www.lindesnescamping.no\/de\/aktivitaten\/","og_locale":"de_DE","og_type":"article","og_title":"Aktivit\u00e4ten - Lindesnes Camping","og_description":"Den Campingplatz umgeben H\u00fcgel, auf denen man ruhig und erholsam spazierengeht und die Aussicht auf das Meer genie\u00dft. Mit ihren...","og_url":"https:\/\/www.lindesnescamping.no\/de\/aktivitaten\/","og_site_name":"Lindesnes Camping","article_modified_time":"2017-06-02T12:25:49+00:00","og_image":[{"width":2816,"height":2112,"url":"https:\/\/dobqfsnmedq.cloudfront.net\/wp-content\/uploads\/2017\/03\/05103451\/aktiviteter-leie-baat-007-scaled.jpg","type":"image\/jpeg"}],"twitter_card":"summary_large_image","schema":{"@context":"https:\/\/schema.org","@graph":[{"@type":"WebPage","@id":"https:\/\/www.lindesnescamping.no\/de\/aktivitaten\/","url":"https:\/\/www.lindesnescamping.no\/de\/aktivitaten\/","name":"Aktivit\u00e4ten - Lindesnes Camping","isPartOf":{"@id":"https:\/\/www.lindesnescamping.no\/#website"},"primaryImageOfPage":{"@id":"https:\/\/www.lindesnescamping.no\/de\/aktivitaten\/#primaryimage"},"image":{"@id":"https:\/\/www.lindesnescamping.no\/de\/aktivitaten\/#primaryimage"},"thumbnailUrl":"https:\/\/dobqfsnmedq.cloudfront.net\/wp-content\/uploads\/2017\/03\/05103451\/aktiviteter-leie-baat-007-scaled.jpg","datePublished":"2017-03-16T08:03:42+00:00","dateModified":"2017-06-02T12:25:49+00:00","breadcrumb":{"@id":"https:\/\/www.lindesnescamping.no\/de\/aktivitaten\/#breadcrumb"},"inLanguage":"de","potentialAction":[{"@type":"ReadAction","target":["https:\/\/www.lindesnescamping.no\/de\/aktivitaten\/"]}]},{"@type":"ImageObject","inLanguage":"de","@id":"https:\/\/www.lindesnescamping.no\/de\/aktivitaten\/#primaryimage","url":"https:\/\/dobqfsnmedq.cloudfront.net\/wp-content\/uploads\/2017\/03\/05103451\/aktiviteter-leie-baat-007-scaled.jpg","contentUrl":"https:\/\/dobqfsnmedq.cloudfront.net\/wp-content\/uploads\/2017\/03\/05103451\/aktiviteter-leie-baat-007-scaled.jpg","width":2560,"height":1920},{"@type":"BreadcrumbList","@id":"https:\/\/www.lindesnescamping.no\/de\/aktivitaten\/#breadcrumb","itemListElement":[{"@type":"ListItem","position":1,"name":"Hjem","item":"https:\/\/www.lindesnescamping.no\/de\/"},{"@type":"ListItem","position":2,"name":"Aktivit\u00e4ten"}]},{"@type":"WebSite","@id":"https:\/\/www.lindesnescamping.no\/#website","url":"https:\/\/www.lindesnescamping.no\/","name":"Lindesnes Camping","description":"Norges s\u00f8rligste campingplass","potentialAction":[{"@type":"SearchAction","target":{"@type":"EntryPoint","urlTemplate":"https:\/\/www.lindesnescamping.no\/?s={search_term_string}"},"query-input":{"@type":"PropertyValueSpecification","valueRequired":true,"valueName":"search_term_string"}}],"inLanguage":"de"}]}},"_links":{"self":[{"href":"https:\/\/www.lindesnescamping.no\/de\/wp-json\/wp\/v2\/pages\/924","targetHints":{"allow":["GET"]}}],"collection":[{"href":"https:\/\/www.lindesnescamping.no\/de\/wp-json\/wp\/v2\/pages"}],"about":[{"href":"https:\/\/www.lindesnescamping.no\/de\/wp-json\/wp\/v2\/types\/page"}],"author":[{"embeddable":true,"href":"https:\/\/www.lindesnescamping.no\/de\/wp-json\/wp\/v2\/users\/952"}],"replies":[{"embeddable":true,"href":"https:\/\/www.lindesnescamping.no\/de\/wp-json\/wp\/v2\/comments?post=924"}],"version-history":[{"count":0,"href":"https:\/\/www.lindesnescamping.no\/de\/wp-json\/wp\/v2\/pages\/924\/revisions"}],"wp:featuredmedia":[{"embeddable":true,"href":"https:\/\/www.lindesnescamping.no\/de\/wp-json\/wp\/v2\/media\/394"}],"wp:attachment":[{"href":"https:\/\/www.lindesnescamping.no\/de\/wp-json\/wp\/v2\/media?parent=924"}],"curies":[{"name":"wp","href":"https:\/\/api.w.org\/{rel}","templated":true}]}}